{"id":2,"date":"2024-11-19T10:17:19","date_gmt":"2024-11-19T09:17:19","guid":{"rendered":"https:\/\/waldviertler-forellenhof.at\/wordpress\/?page_id=2"},"modified":"2026-02-09T11:18:40","modified_gmt":"2026-02-09T10:18:40","slug":"start","status":"publish","type":"page","link":"https:\/\/waldviertler-forellenhof.at\/wordpress\/","title":{"rendered":"Start"},"content":{"rendered":"\n<p><\/p>\n\n\n\n<h2 class=\"wp-block-heading has-text-align-center\"><\/h2>\n\n\n<div class=\"wp-block-image\">\n<figure class=\"aligncenter size-full is-resized\"><img loading=\"lazy\" decoding=\"async\" width=\"665\" height=\"941\" src=\"https:\/\/waldviertler-forellenhof.at\/wordpress\/wp-content\/uploads\/2026\/02\/Screenshot-2026-02-09-111730.jpg\" alt=\"\" class=\"wp-image-757\" style=\"aspect-ratio:0.7066989168156483;width:840px;height:auto\" srcset=\"https:\/\/waldviertler-forellenhof.at\/wordpress\/wp-content\/uploads\/2026\/02\/Screenshot-2026-02-09-111730.jpg 665w, https:\/\/waldviertler-forellenhof.at\/wordpress\/wp-content\/uploads\/2026\/02\/Screenshot-2026-02-09-111730-212x300.jpg 212w\" sizes=\"auto, (max-width: 665px) 100vw, 665px\" \/><\/figure>\n<\/div>\n\n\n<p class=\"has-text-align-center\"><br><\/p>\n\n\n\n<div style=\"height:100px\" aria-hidden=\"true\" class=\"wp-block-spacer\"><\/div>\n\n\n\n<h1 class=\"wp-block-heading has-text-align-center\"><br><br>Wir freuen uns, dass ihr<br>da seid und w\u00fcnschen<br>guten Appetit<\/h1>\n\n\n\n<h4 class=\"wp-block-heading has-text-align-center\"><em><br>&#8222;Es gibt niemanden, der nicht isst und<br>trinkt, aber nur wenige, die den<br>Geschmack zu sch\u00e4tzen wissen.&#8220;<br>Konfuzius<br><\/em><\/h4>\n\n\n\n<p><\/p>\n\n\n\n<p><\/p>\n\n\n\n<p><\/p>\n\n\n\n<p class=\"has-text-align-center\"><br><strong>Genussregion \u00d6sterreich<\/strong><br><\/p>\n\n\n\n<table style=\"border-width: 0px; border-color:white; width: 100%; align:center\" border=\"0px\" cellspacing=\"0\" cellpadding=\"2\">\n<tr style=\"border-width: 0px;\">\n<td style=\"border-width: 0px;\">\n<a href=\"https:\/\/www.facebook.com\/profile.php?id=61556976906894&amp;locale=de_DE\" target=\"_blank\">\n<img decoding=\"async\" src=\"\/images\/Forellenhofneu\/Seitenelemente\/FB.jpg\" alt=\"FB\" style=\"margin-left:70px;\"><\/a>\n<\/td>\n<td style=\"border-width: 0px;\">\n<a href=\"http:\/\/www.soschmecktnoe.at\" target=\"_blank\">\n<img decoding=\"async\" src=\"\/images\/Forellenhofneu\/Seitenelemente\/ssno.jpg\" alt=\"ssno\"><\/a>\n<\/td>\n<td style=\"border-width: 0px;\">\n<a href=\"http:\/\/www.bio-austria.at\/\" target=\"_blank\">\n<img decoding=\"async\" src=\"\/images\/Forellenhofneu\/Seitenelemente\/bioaustria.jpg\" alt=\"bioaustria\"><\/a>\n<\/td>\n<td style=\"border-width: 0px;\">\n<a href=\"http:\/\/www.genussregionen.at\/\" target=\"_blank\">\n<img decoding=\"async\" src=\"\/images\/Forellenhofneu\/Seitenelemente\/genussregion.jpg\" alt=\"genussregion\"><\/a>\n<\/td>\n<td style=\"border-width: 0px;\">\n<a href=\"https:\/\/www.instagram.com\/kulturverein.gfoehlerwald\/?igshid=ZDdkNTZiNTM%3D\" target=\"_blank\">\n<img decoding=\"async\" src=\"\/images\/Forellenhofneu\/Seitenelemente\/Kulturverein%20Logo.jpg\" alt=\"Kulturverein Logo\"><\/a>\n<\/td>\n<td style=\"border-width: 0px;\">\n<a href=\"veranstaltungen\" target=\"_top\">\n<img decoding=\"async\" src=\"\/images\/Forellenhofneu\/Seitenelemente\/NOE_Kultur_4c_A4%201.jpg\" alt=\"NOE Kultur 4c A4 1\"><\/a>\n<\/td>\n<\/tr>\n<\/table>\n\n\n\n<p><\/p>\n\n\n\n<p><\/p>\n","protected":false},"excerpt":{"rendered":"<p>Wir freuen uns, dass ihrda seid und w\u00fcnschenguten Appetit &#8222;Es gibt niemanden, der nicht isst undtrinkt, aber nur wenige, die denGeschmack zu sch\u00e4tzen wissen.&#8220;Konfuzius Genussregion \u00d6sterreich<\/p>\n","protected":false},"author":1,"featured_media":0,"parent":0,"menu_order":0,"comment_status":"closed","ping_status":"closed","template":"","meta":{"footnotes":""},"class_list":["post-2","page","type-page","status-publish","hentry"],"_links":{"self":[{"href":"https:\/\/waldviertler-forellenhof.at\/wordpress\/wp-json\/wp\/v2\/pages\/2","targetHints":{"allow":["GET"]}}],"collection":[{"href":"https:\/\/waldviertler-forellenhof.at\/wordpress\/wp-json\/wp\/v2\/pages"}],"about":[{"href":"https:\/\/waldviertler-forellenhof.at\/wordpress\/wp-json\/wp\/v2\/types\/page"}],"author":[{"embeddable":true,"href":"https:\/\/waldviertler-forellenhof.at\/wordpress\/wp-json\/wp\/v2\/users\/1"}],"replies":[{"embeddable":true,"href":"https:\/\/waldviertler-forellenhof.at\/wordpress\/wp-json\/wp\/v2\/comments?post=2"}],"version-history":[{"count":174,"href":"https:\/\/waldviertler-forellenhof.at\/wordpress\/wp-json\/wp\/v2\/pages\/2\/revisions"}],"predecessor-version":[{"id":758,"href":"https:\/\/waldviertler-forellenhof.at\/wordpress\/wp-json\/wp\/v2\/pages\/2\/revisions\/758"}],"wp:attachment":[{"href":"https:\/\/waldviertler-forellenhof.at\/wordpress\/wp-json\/wp\/v2\/media?parent=2"}],"curies":[{"name":"wp","href":"https:\/\/api.w.org\/{rel}","templated":true}]}}